{"id":12993,"date":"2023-01-23T08:14:41","date_gmt":"2023-01-23T08:14:41","guid":{"rendered":"https:\/\/innovecouture.vamtam.com\/?post_type=product&#038;p=12993"},"modified":"2024-12-21T17:44:25","modified_gmt":"2024-12-21T17:44:25","slug":"auslegerfahne","status":"publish","type":"product","link":"http:\/\/kreativo.tdservers.co.in\/en\/product\/auslegerfahne\/","title":{"rendered":"Auslegerfahne"},"content":{"rendered":"<div class=\"vgblk-rw-wrapper limit-wrapper\">Der Ausleger sorgt daf\u00fcr, dass die Fahne auch ohne Wind vollst\u00e4ndig sichtbar bleibt. Er spannt die Fahne horizontal aus. Mit dem obenliegenden Hohlsaum wird die Fahne auf den Ausleger geschoben. Die R\u00e4nder sind verst\u00e4rkt, an der Mastseite sind Karabiner montiert, einseitig bedruckt, das Druckbild ist durchscheinend und auf der R\u00fcckseite gespiegelt sichtbar. Flaggenmesh ist f\u00fcr insbesondere f\u00fcr Gebiete mit hoher Windlast geeignet, Flaggenstoff f\u00fcr \u00fcberall.<\/div>\n<p><!-- .vgblk-rw-wrapper --><\/p>","protected":false},"excerpt":{"rendered":"<p>Der Ausleger sorgt daf\u00fcr, dass die Fahne auch ohne Wind vollst\u00e4ndig sichtbar bleibt. Er spannt die Fahne horizontal aus. Mit dem obenliegenden Hohlsaum wird die Fahne auf den Ausleger geschoben. Die R\u00e4nder sind verst\u00e4rkt, an der Mastseite sind Karabiner montiert, einseitig bedruckt, das Druckbild ist durchscheinend und auf der R\u00fcckseite gespiegelt sichtbar. Flaggenmesh ist f\u00fcr insbesondere f\u00fcr Gebiete mit hoher Windlast geeignet, Flaggenstoff f\u00fcr \u00fcberall.<\/p>","protected":false},"featured_media":988776,"comment_status":"open","ping_status":"closed","template":"","meta":{"_acf_changed":false,"_jet_sm_ready_style":"","_jet_sm_style":"","_jet_sm_controls_values":"","_jet_sm_fonts_collection":"","_jet_sm_fonts_links":""},"product_brand":[],"product_cat":[265,216],"product_tag":[],"class_list":{"0":"post-12993","1":"product","2":"type-product","3":"status-publish","4":"has-post-thumbnail","6":"product_cat-fahnen-masten","7":"product_cat-parkplatz-aussenflachen","9":"first","10":"instock","11":"sale","12":"shipping-taxable","13":"purchasable","14":"product-type-variable"},"acf":[],"_links":{"self":[{"href":"http:\/\/kreativo.tdservers.co.in\/en\/wp-json\/wp\/v2\/product\/12993","targetHints":{"allow":["GET"]}}],"collection":[{"href":"http:\/\/kreativo.tdservers.co.in\/en\/wp-json\/wp\/v2\/product"}],"about":[{"href":"http:\/\/kreativo.tdservers.co.in\/en\/wp-json\/wp\/v2\/types\/product"}],"replies":[{"embeddable":true,"href":"http:\/\/kreativo.tdservers.co.in\/en\/wp-json\/wp\/v2\/comments?post=12993"}],"wp:featuredmedia":[{"embeddable":true,"href":"http:\/\/kreativo.tdservers.co.in\/en\/wp-json\/wp\/v2\/media\/988776"}],"wp:attachment":[{"href":"http:\/\/kreativo.tdservers.co.in\/en\/wp-json\/wp\/v2\/media?parent=12993"}],"wp:term":[{"taxonomy":"product_brand","embeddable":true,"href":"http:\/\/kreativo.tdservers.co.in\/en\/wp-json\/wp\/v2\/product_brand?post=12993"},{"taxonomy":"product_cat","embeddable":true,"href":"http:\/\/kreativo.tdservers.co.in\/en\/wp-json\/wp\/v2\/product_cat?post=12993"},{"taxonomy":"product_tag","embeddable":true,"href":"http:\/\/kreativo.tdservers.co.in\/en\/wp-json\/wp\/v2\/product_tag?post=12993"}],"curies":[{"name":"wp","href":"https:\/\/api.w.org\/{rel}","templated":true}]}}