{"id":989131,"date":"2025-01-17T19:45:41","date_gmt":"2025-01-17T19:45:41","guid":{"rendered":"https:\/\/kreativo.tdservers.co.in\/?page_id=989131"},"modified":"2025-01-22T09:04:18","modified_gmt":"2025-01-22T09:04:18","slug":"impressum","status":"publish","type":"page","link":"https:\/\/kreativo.tdservers.co.in\/en\/impressum\/","title":{"rendered":"Impressum"},"content":{"rendered":"<div data-elementor-type=\"wp-page\" data-elementor-id=\"989131\" class=\"elementor elementor-989131\" data-elementor-post-type=\"page\">\n\t\t\t\t<div class=\"elementor-element elementor-element-6552d1b e-flex e-con-boxed e-con e-parent\" data-id=\"6552d1b\" data-element_type=\"container\" data-settings=\"{&quot;background_background&quot;:&quot;classic&quot;}\">\n\t\t\t\t\t<div class=\"e-con-inner\">\n\t\t\t\t<div class=\"elementor-element elementor-element-021c7e5 jet-breadcrumbs-align-mobile-left elementor-widget elementor-widget-jet-breadcrumbs\" data-id=\"021c7e5\" data-element_type=\"widget\" data-widget_type=\"jet-breadcrumbs.default\">\n\t\t\t\t<div class=\"elementor-widget-container\">\n\t\t\t\t\t<div class=\"elementor-jet-breadcrumbs jet-blocks\">\n\t\t<div class=\"jet-breadcrumbs\">\n\t\t<div class=\"jet-breadcrumbs__content\">\n\t\t<div class=\"jet-breadcrumbs__wrap\"><div class=\"jet-breadcrumbs__item\"><a href=\"https:\/\/kreativo.tdservers.co.in\/en\/\" class=\"jet-breadcrumbs__item-link is-home\" rel=\"home\" title=\"Home\">Home<\/a><\/div>\n\t\t<\/div>\n\t\t<\/div>\n\t\t<\/div><\/div>\t\t\t\t<\/div>\n\t\t\t\t<\/div>\n\t\t\t\t\t<\/div>\n\t\t\t\t<\/div>\n\t\t<div class=\"elementor-element elementor-element-00e9cb6 e-flex e-con-boxed e-con e-parent\" data-id=\"00e9cb6\" data-element_type=\"container\" data-settings=\"{&quot;background_background&quot;:&quot;classic&quot;}\">\n\t\t\t\t\t<div class=\"e-con-inner\">\n\t\t<div class=\"elementor-element elementor-element-cd45163 e-con-full e-flex e-con e-child\" data-id=\"cd45163\" data-element_type=\"container\">\n\t\t\t\t<div class=\"elementor-element elementor-element-755124d elementor-widget__width-initial elementor-invisible elementor-widget elementor-widget-heading\" data-id=\"755124d\" data-element_type=\"widget\" data-settings=\"{&quot;_animation&quot;:&quot;fadeIn&quot;,&quot;_animation_tablet&quot;:&quot;none&quot;,&quot;_animation_delay&quot;:200}\" data-widget_type=\"heading.default\">\n\t\t\t\t<div class=\"elementor-widget-container\">\n\t\t\t\t\t<h1 class=\"elementor-heading-title elementor-size-default\">Impressum<\/h1>\t\t\t\t<\/div>\n\t\t\t\t<\/div>\n\t\t\t\t<div class=\"vamtam-has-theme-widget-styles elementor-element elementor-element-b981bc0 elementor-widget__width-initial elementor-widget elementor-widget-text-editor\" data-id=\"b981bc0\" data-element_type=\"widget\" data-widget_type=\"text-editor.default\">\n\t\t\t\t<div class=\"elementor-widget-container\">\n\t\t\t\t\t\t\t\t\t<p><strong>Kreativo GmbH<br \/><\/strong>Schusterstra\u00dfe 10G<br \/>2482 M\u00fcnchendorf<br \/>\u00d6sterreich<\/p><p>Telefon: 02259\/300300<br \/>E-Mail: info@kreativo.at<br \/>Website: www.kreativo.at<\/p><p><strong>Firmenbuchnummer:<\/strong> FN 601725 s<br \/><strong>Firmenbuchgericht:<\/strong> Landesgericht Wiener Neustadt<br \/><strong>UID-Nummer:<\/strong> ATU79297459<\/p><p><strong>Gesch\u00e4ftsf\u00fchrung:<br \/><\/strong><\/p><ul><li>Herr Andreico Daniel<\/li><li>Herr Steinprecher Philipp<\/li><\/ul><p><strong>Unternehmensgegenstand:<br \/><\/strong>Werbearchitektur, Folientechnik<\/p><p><strong>Mitglied der Wirtschaftskammer \u00d6sterreich (WKO):<br \/><\/strong>Fachgruppe: Werbung und Marktkommunikation<\/p><p><strong>Aufsichtsbeh\u00f6rde gem\u00e4\u00df E-Commerce-Gesetz (ECG):<br \/><\/strong>Bezirkshauptmannschaft M\u00f6dling<\/p><p><strong>Berufsrechtliche Vorschriften:<\/strong><br \/>Gewerbeordnung (www.ris.bka.gv.at)<\/p><p><strong>Haftungsausschluss:<\/strong><br \/>Alle Inhalte auf dieser Website wurden sorgf\u00e4ltig gepr\u00fcft. Dennoch wird keine Garantie f\u00fcr die Richtigkeit, Vollst\u00e4ndigkeit und Aktualit\u00e4t der Informationen \u00fcbernommen.<\/p>\t\t\t\t\t\t\t\t<\/div>\n\t\t\t\t<\/div>\n\t\t\t\t<\/div>\n\t\t\t\t\t<\/div>\n\t\t\t\t<\/div>\n\t\t\t\t<\/div>","protected":false},"excerpt":{"rendered":"<p>Home Kreativo GmbHSchusterstra\u00dfe 10G2482 M\u00fcnchendorf\u00d6sterreich Telefon: 02259\/300300E-Mail: info@kreativo.atWebsite: www.kreativo.at Firmenbuchnummer: FN 601725 sFirmenbuchgericht: Landesgericht Wiener NeustadtUID-Nummer: ATU79297459 Gesch\u00e4ftsf\u00fchrung: Herr Andreico Daniel Herr Steinprecher Philipp Unternehmensgegenstand:Werbearchitektur, Folientechnik Mitglied der Wirtschaftskammer \u00d6sterreich (WKO):Fachgruppe: Werbung und Marktkommunikation Aufsichtsbeh\u00f6rde gem\u00e4\u00df E-Commerce-Gesetz (ECG):Bezirkshauptmannschaft M\u00f6dling Berufsrechtliche Vorschriften:Gewerbeordnung (www.ris.bka.gv.at) Haftungsausschluss:Alle Inhalte auf dieser Website wurden sorgf\u00e4ltig gepr\u00fcft. Dennoch wird keine Garantie f\u00fcr&#8230;<\/p>","protected":false},"author":1,"featured_media":987924,"parent":0,"menu_order":0,"comment_status":"closed","ping_status":"closed","template":"","meta":{"_acf_changed":false,"_jet_sm_ready_style":"","_jet_sm_style":"","_jet_sm_controls_values":"","_jet_sm_fonts_collection":"","_jet_sm_fonts_links":"","footnotes":"[]"},"folder":[],"wf_page_folders":[362],"class_list":["post-989131","page","type-page","status-publish","has-post-thumbnail","hentry"],"acf":[],"_links":{"self":[{"href":"https:\/\/kreativo.tdservers.co.in\/en\/wp-json\/wp\/v2\/pages\/989131","targetHints":{"allow":["GET"]}}],"collection":[{"href":"https:\/\/kreativo.tdservers.co.in\/en\/wp-json\/wp\/v2\/pages"}],"about":[{"href":"https:\/\/kreativo.tdservers.co.in\/en\/wp-json\/wp\/v2\/types\/page"}],"author":[{"embeddable":true,"href":"https:\/\/kreativo.tdservers.co.in\/en\/wp-json\/wp\/v2\/users\/1"}],"replies":[{"embeddable":true,"href":"https:\/\/kreativo.tdservers.co.in\/en\/wp-json\/wp\/v2\/comments?post=989131"}],"version-history":[{"count":0,"href":"https:\/\/kreativo.tdservers.co.in\/en\/wp-json\/wp\/v2\/pages\/989131\/revisions"}],"wp:featuredmedia":[{"embeddable":true,"href":"https:\/\/kreativo.tdservers.co.in\/en\/wp-json\/wp\/v2\/media\/987924"}],"wp:attachment":[{"href":"https:\/\/kreativo.tdservers.co.in\/en\/wp-json\/wp\/v2\/media?parent=989131"}],"wp:term":[{"taxonomy":"folder","embeddable":true,"href":"https:\/\/kreativo.tdservers.co.in\/en\/wp-json\/wp\/v2\/folder?post=989131"},{"taxonomy":"wf_page_folders","embeddable":true,"href":"https:\/\/kreativo.tdservers.co.in\/en\/wp-json\/wp\/v2\/wf_page_folders?post=989131"}],"curies":[{"name":"wp","href":"https:\/\/api.w.org\/{rel}","templated":true}]}}